{"id":1184,"date":"2024-06-03T16:37:07","date_gmt":"2024-06-03T14:37:07","guid":{"rendered":"https:\/\/coolmarine.fr\/?post_type=product&#038;p=1184"},"modified":"2024-09-30T10:58:49","modified_gmt":"2024-09-30T08:58:49","slug":"refrigerateur-dometic-nrx-35s","status":"publish","type":"product","link":"https:\/\/coolmarine.fr\/en\/product\/refrigerateur-dometic-nrx-35s\/","title":{"rendered":"R\u00e9frig\u00e9rateur NRX 35S &#8211; Dometic"},"content":{"rendered":"<p>Design innovant, efficacit\u00e9 \u00e9nerg\u00e9tique sup\u00e9rieure : ce r\u00e9frig\u00e9rateur \u00e0 compression intelligent offre 32 l de stockage au frais. Son \u00e9l\u00e9gante porte sans cadre dot\u00e9e d\u2019une fa\u00e7ade en acier inoxydable et d\u2019une poign\u00e9e grande largeur pratique, s&rsquo;ouvre sur un int\u00e9rieur polyvalent. Vous pouvez facilement retirer le compartiment conservateur de 4,4 l pour utiliser la capacit\u00e9 compl\u00e8te de l\u2019armoire pour la r\u00e9frig\u00e9ration ou la conservation.<\/p>","protected":false},"excerpt":{"rendered":"<p>R\u00e9frig\u00e9rateur \u00e0 compression, 32 l, fa\u00e7ade en acier inoxydable.<\/p>","protected":false},"featured_media":1212,"template":"","meta":{"_acf_changed":false},"product_brand":[],"product_cat":[34,47],"product_tag":[],"class_list":{"0":"post-1184","1":"product","2":"type-product","3":"status-publish","4":"has-post-thumbnail","6":"product_cat-dometic","7":"product_cat-refrigerateur","9":"first","10":"instock","11":"product-type-simple"},"acf":[],"yoast_head":"<!-- This site is optimized with the Yoast SEO plugin v24.3 - https:\/\/yoast.com\/wordpress\/plugins\/seo\/ -->\n<title>R\u00e9frig\u00e9rateur NRX 35S - Dometic - Cool Marine<\/title>\n<meta name=\"robots\" content=\"index, follow, max-snippet:-1, max-image-preview:large, max-video-preview:-1\" \/>\n<link rel=\"canonical\" href=\"https:\/\/coolmarine.fr\/en\/product\/refrigerateur-dometic-nrx-35s\/\" \/>\n<meta property=\"og:locale\" content=\"en_GB\" \/>\n<meta property=\"og:type\" content=\"article\" \/>\n<meta property=\"og:title\" content=\"R\u00e9frig\u00e9rateur NRX 35S - Dometic - Cool Marine\" \/>\n<meta property=\"og:description\" content=\"R\u00e9frig\u00e9rateur \u00e0 compression, 32 l, fa\u00e7ade en acier inoxydable.\" \/>\n<meta property=\"og:url\" content=\"https:\/\/coolmarine.fr\/en\/product\/refrigerateur-dometic-nrx-35s\/\" \/>\n<meta property=\"og:site_name\" content=\"Cool Marine\" \/>\n<meta property=\"article:modified_time\" content=\"2024-09-30T08:58:49+00:00\" \/>\n<meta property=\"og:image\" content=\"https:\/\/coolmarine.fr\/wp-content\/uploads\/2024\/06\/dometic-refregirateur-marine-nrx-35s.png\" \/>\n\t<meta property=\"og:image:width\" content=\"1920\" \/>\n\t<meta property=\"og:image:height\" content=\"1920\" \/>\n\t<meta property=\"og:image:type\" content=\"image\/png\" \/>\n<meta name=\"twitter:card\" content=\"summary_large_image\" \/>\n<script type=\"application\/ld+json\" class=\"yoast-schema-graph\">{\"@context\":\"https:\/\/schema.org\",\"@graph\":[{\"@type\":\"WebPage\",\"@id\":\"https:\/\/coolmarine.fr\/produit\/refrigerateur-dometic-nrx-35s\/\",\"url\":\"https:\/\/coolmarine.fr\/produit\/refrigerateur-dometic-nrx-35s\/\",\"name\":\"R\u00e9frig\u00e9rateur NRX 35S - Dometic - Cool Marine\",\"isPartOf\":{\"@id\":\"https:\/\/coolmarine.fr\/#website\"},\"primaryImageOfPage\":{\"@id\":\"https:\/\/coolmarine.fr\/produit\/refrigerateur-dometic-nrx-35s\/#primaryimage\"},\"image\":{\"@id\":\"https:\/\/coolmarine.fr\/produit\/refrigerateur-dometic-nrx-35s\/#primaryimage\"},\"thumbnailUrl\":\"https:\/\/coolmarine.fr\/wp-content\/uploads\/2024\/06\/dometic-refregirateur-marine-nrx-35s.png\",\"datePublished\":\"2024-06-03T14:37:07+00:00\",\"dateModified\":\"2024-09-30T08:58:49+00:00\",\"breadcrumb\":{\"@id\":\"https:\/\/coolmarine.fr\/produit\/refrigerateur-dometic-nrx-35s\/#breadcrumb\"},\"inLanguage\":\"en-GB\",\"potentialAction\":[{\"@type\":\"ReadAction\",\"target\":[\"https:\/\/coolmarine.fr\/produit\/refrigerateur-dometic-nrx-35s\/\"]}]},{\"@type\":\"ImageObject\",\"inLanguage\":\"en-GB\",\"@id\":\"https:\/\/coolmarine.fr\/produit\/refrigerateur-dometic-nrx-35s\/#primaryimage\",\"url\":\"https:\/\/coolmarine.fr\/wp-content\/uploads\/2024\/06\/dometic-refregirateur-marine-nrx-35s.png\",\"contentUrl\":\"https:\/\/coolmarine.fr\/wp-content\/uploads\/2024\/06\/dometic-refregirateur-marine-nrx-35s.png\",\"width\":1920,\"height\":1920},{\"@type\":\"BreadcrumbList\",\"@id\":\"https:\/\/coolmarine.fr\/produit\/refrigerateur-dometic-nrx-35s\/#breadcrumb\",\"itemListElement\":[{\"@type\":\"ListItem\",\"position\":1,\"name\":\"Accueil\",\"item\":\"http:\/\/coolmarine.fr\/\"},{\"@type\":\"ListItem\",\"position\":2,\"name\":\"Nos produits\",\"item\":\"https:\/\/coolmarine.fr\/nos-produits\/\"},{\"@type\":\"ListItem\",\"position\":3,\"name\":\"R\u00e9frig\u00e9rateur NRX 35S &#8211; Dometic\"}]},{\"@type\":\"WebSite\",\"@id\":\"https:\/\/coolmarine.fr\/#website\",\"url\":\"https:\/\/coolmarine.fr\/\",\"name\":\"Cool Marine\",\"description\":\"Air System Cooling\",\"publisher\":{\"@id\":\"https:\/\/coolmarine.fr\/#organization\"},\"potentialAction\":[{\"@type\":\"SearchAction\",\"target\":{\"@type\":\"EntryPoint\",\"urlTemplate\":\"https:\/\/coolmarine.fr\/?s={search_term_string}\"},\"query-input\":{\"@type\":\"PropertyValueSpecification\",\"valueRequired\":true,\"valueName\":\"search_term_string\"}}],\"inLanguage\":\"en-GB\"},{\"@type\":\"Organization\",\"@id\":\"https:\/\/coolmarine.fr\/#organization\",\"name\":\"Cool Marine\",\"url\":\"https:\/\/coolmarine.fr\/\",\"logo\":{\"@type\":\"ImageObject\",\"inLanguage\":\"en-GB\",\"@id\":\"https:\/\/coolmarine.fr\/#\/schema\/logo\/image\/\",\"url\":\"https:\/\/coolmarine.fr\/wp-content\/uploads\/2024\/04\/Logo_Coolmarine_2-removebg-preview.png\",\"contentUrl\":\"https:\/\/coolmarine.fr\/wp-content\/uploads\/2024\/04\/Logo_Coolmarine_2-removebg-preview.png\",\"width\":820,\"height\":274,\"caption\":\"Cool Marine\"},\"image\":{\"@id\":\"https:\/\/coolmarine.fr\/#\/schema\/logo\/image\/\"}}]}<\/script>\n<!-- \/ Yoast SEO plugin. -->","yoast_head_json":{"title":"R\u00e9frig\u00e9rateur NRX 35S - Dometic - Cool Marine","robots":{"index":"index","follow":"follow","max-snippet":"max-snippet:-1","max-image-preview":"max-image-preview:large","max-video-preview":"max-video-preview:-1"},"canonical":"https:\/\/coolmarine.fr\/en\/product\/refrigerateur-dometic-nrx-35s\/","og_locale":"en_GB","og_type":"article","og_title":"R\u00e9frig\u00e9rateur NRX 35S - Dometic - Cool Marine","og_description":"R\u00e9frig\u00e9rateur \u00e0 compression, 32 l, fa\u00e7ade en acier inoxydable.","og_url":"https:\/\/coolmarine.fr\/en\/product\/refrigerateur-dometic-nrx-35s\/","og_site_name":"Cool Marine","article_modified_time":"2024-09-30T08:58:49+00:00","og_image":[{"width":1920,"height":1920,"url":"https:\/\/coolmarine.fr\/wp-content\/uploads\/2024\/06\/dometic-refregirateur-marine-nrx-35s.png","type":"image\/png"}],"twitter_card":"summary_large_image","schema":{"@context":"https:\/\/schema.org","@graph":[{"@type":"WebPage","@id":"https:\/\/coolmarine.fr\/produit\/refrigerateur-dometic-nrx-35s\/","url":"https:\/\/coolmarine.fr\/produit\/refrigerateur-dometic-nrx-35s\/","name":"R\u00e9frig\u00e9rateur NRX 35S - Dometic - Cool Marine","isPartOf":{"@id":"https:\/\/coolmarine.fr\/#website"},"primaryImageOfPage":{"@id":"https:\/\/coolmarine.fr\/produit\/refrigerateur-dometic-nrx-35s\/#primaryimage"},"image":{"@id":"https:\/\/coolmarine.fr\/produit\/refrigerateur-dometic-nrx-35s\/#primaryimage"},"thumbnailUrl":"https:\/\/coolmarine.fr\/wp-content\/uploads\/2024\/06\/dometic-refregirateur-marine-nrx-35s.png","datePublished":"2024-06-03T14:37:07+00:00","dateModified":"2024-09-30T08:58:49+00:00","breadcrumb":{"@id":"https:\/\/coolmarine.fr\/produit\/refrigerateur-dometic-nrx-35s\/#breadcrumb"},"inLanguage":"en-GB","potentialAction":[{"@type":"ReadAction","target":["https:\/\/coolmarine.fr\/produit\/refrigerateur-dometic-nrx-35s\/"]}]},{"@type":"ImageObject","inLanguage":"en-GB","@id":"https:\/\/coolmarine.fr\/produit\/refrigerateur-dometic-nrx-35s\/#primaryimage","url":"https:\/\/coolmarine.fr\/wp-content\/uploads\/2024\/06\/dometic-refregirateur-marine-nrx-35s.png","contentUrl":"https:\/\/coolmarine.fr\/wp-content\/uploads\/2024\/06\/dometic-refregirateur-marine-nrx-35s.png","width":1920,"height":1920},{"@type":"BreadcrumbList","@id":"https:\/\/coolmarine.fr\/produit\/refrigerateur-dometic-nrx-35s\/#breadcrumb","itemListElement":[{"@type":"ListItem","position":1,"name":"Accueil","item":"http:\/\/coolmarine.fr\/"},{"@type":"ListItem","position":2,"name":"Nos produits","item":"https:\/\/coolmarine.fr\/nos-produits\/"},{"@type":"ListItem","position":3,"name":"R\u00e9frig\u00e9rateur NRX 35S &#8211; Dometic"}]},{"@type":"WebSite","@id":"https:\/\/coolmarine.fr\/#website","url":"https:\/\/coolmarine.fr\/","name":"Cool Marine","description":"Air System Cooling","publisher":{"@id":"https:\/\/coolmarine.fr\/#organization"},"potentialAction":[{"@type":"SearchAction","target":{"@type":"EntryPoint","urlTemplate":"https:\/\/coolmarine.fr\/?s={search_term_string}"},"query-input":{"@type":"PropertyValueSpecification","valueRequired":true,"valueName":"search_term_string"}}],"inLanguage":"en-GB"},{"@type":"Organization","@id":"https:\/\/coolmarine.fr\/#organization","name":"Cool Marine","url":"https:\/\/coolmarine.fr\/","logo":{"@type":"ImageObject","inLanguage":"en-GB","@id":"https:\/\/coolmarine.fr\/#\/schema\/logo\/image\/","url":"https:\/\/coolmarine.fr\/wp-content\/uploads\/2024\/04\/Logo_Coolmarine_2-removebg-preview.png","contentUrl":"https:\/\/coolmarine.fr\/wp-content\/uploads\/2024\/04\/Logo_Coolmarine_2-removebg-preview.png","width":820,"height":274,"caption":"Cool Marine"},"image":{"@id":"https:\/\/coolmarine.fr\/#\/schema\/logo\/image\/"}}]}},"_links":{"self":[{"href":"https:\/\/coolmarine.fr\/en\/wp-json\/wp\/v2\/product\/1184","targetHints":{"allow":["GET"]}}],"collection":[{"href":"https:\/\/coolmarine.fr\/en\/wp-json\/wp\/v2\/product"}],"about":[{"href":"https:\/\/coolmarine.fr\/en\/wp-json\/wp\/v2\/types\/product"}],"wp:featuredmedia":[{"embeddable":true,"href":"https:\/\/coolmarine.fr\/en\/wp-json\/wp\/v2\/media\/1212"}],"wp:attachment":[{"href":"https:\/\/coolmarine.fr\/en\/wp-json\/wp\/v2\/media?parent=1184"}],"wp:term":[{"taxonomy":"product_brand","embeddable":true,"href":"https:\/\/coolmarine.fr\/en\/wp-json\/wp\/v2\/product_brand?post=1184"},{"taxonomy":"product_cat","embeddable":true,"href":"https:\/\/coolmarine.fr\/en\/wp-json\/wp\/v2\/product_cat?post=1184"},{"taxonomy":"product_tag","embeddable":true,"href":"https:\/\/coolmarine.fr\/en\/wp-json\/wp\/v2\/product_tag?post=1184"}],"curies":[{"name":"wp","href":"https:\/\/api.w.org\/{rel}","templated":true}]}}