{"id":1490,"date":"2024-06-20T15:55:03","date_gmt":"2024-06-20T13:55:03","guid":{"rendered":"https:\/\/coolmarine.fr\/?post_type=product&#038;p=1490"},"modified":"2024-09-30T10:57:24","modified_gmt":"2024-09-30T08:57:24","slug":"display-idea-touch-vimar","status":"publish","type":"product","link":"https:\/\/coolmarine.fr\/en\/product\/display-idea-touch-vimar\/","title":{"rendered":"Carte principale Idea 10 vitesses avec chauffage \u00e9lectrique en bo\u00eete \u00e0 air + sonde d&rsquo;air"},"content":{"rendered":"","protected":false},"excerpt":{"rendered":"<pre id=\"tw-target-text\" class=\"tw-data-text tw-text-large tw-ta\" dir=\"ltr\" data-placeholder=\"Traduction\" aria-label=\"Texte traduit\" data-ved=\"2ahUKEwjP9-3jquqGAxUScKQEHW8OAtgQ3ewLegQIBhAU\"><span class=\"Y2IQFc\" lang=\"fr\">Carte principale Idea 10 vitesses avec chauffage \u00e9lectrique en bo\u00eete \u00e0 air\r\n\r\ncapteur inclus<\/span><\/pre>","protected":false},"featured_media":1491,"template":"","meta":{"_acf_changed":false},"product_brand":[],"product_cat":[63,34],"product_tag":[],"class_list":{"0":"post-1490","1":"product","2":"type-product","3":"status-publish","4":"has-post-thumbnail","6":"product_cat-controle-de-la-climatisation","7":"product_cat-dometic","9":"first","10":"instock","11":"shipping-taxable","12":"product-type-simple"},"acf":[],"yoast_head":"<!-- This site is optimized with the Yoast SEO plugin v24.3 - https:\/\/yoast.com\/wordpress\/plugins\/seo\/ -->\n<title>Carte principale Idea 10 vitesses avec chauffage \u00e9lectrique en bo\u00eete \u00e0 air + sonde d&#039;air - Cool Marine<\/title>\n<meta name=\"robots\" content=\"index, follow, max-snippet:-1, max-image-preview:large, max-video-preview:-1\" \/>\n<link rel=\"canonical\" href=\"https:\/\/coolmarine.fr\/en\/product\/display-idea-touch-vimar\/\" \/>\n<meta property=\"og:locale\" content=\"en_GB\" \/>\n<meta property=\"og:type\" content=\"article\" \/>\n<meta property=\"og:title\" content=\"Carte principale Idea 10 vitesses avec chauffage \u00e9lectrique en bo\u00eete \u00e0 air + sonde d&#039;air - Cool Marine\" \/>\n<meta property=\"og:description\" content=\"Carte principale Idea 10 vitesses avec chauffage \u00e9lectrique en bo\u00eete \u00e0 air  capteur inclus\" \/>\n<meta property=\"og:url\" content=\"https:\/\/coolmarine.fr\/en\/product\/display-idea-touch-vimar\/\" \/>\n<meta property=\"og:site_name\" content=\"Cool Marine\" \/>\n<meta property=\"article:modified_time\" content=\"2024-09-30T08:57:24+00:00\" \/>\n<meta property=\"og:image\" content=\"https:\/\/coolmarine.fr\/wp-content\/uploads\/2024\/06\/3538.webp\" \/>\n\t<meta property=\"og:image:width\" content=\"587\" \/>\n\t<meta property=\"og:image:height\" content=\"461\" \/>\n\t<meta property=\"og:image:type\" content=\"image\/webp\" \/>\n<meta name=\"twitter:card\" content=\"summary_large_image\" \/>\n<script type=\"application\/ld+json\" class=\"yoast-schema-graph\">{\"@context\":\"https:\/\/schema.org\",\"@graph\":[{\"@type\":\"WebPage\",\"@id\":\"https:\/\/coolmarine.fr\/en\/product\/display-idea-touch-vimar\/\",\"url\":\"https:\/\/coolmarine.fr\/en\/product\/display-idea-touch-vimar\/\",\"name\":\"Carte principale Idea 10 vitesses avec chauffage \u00e9lectrique en bo\u00eete \u00e0 air + sonde d'air - Cool Marine\",\"isPartOf\":{\"@id\":\"https:\/\/coolmarine.fr\/#website\"},\"primaryImageOfPage\":{\"@id\":\"https:\/\/coolmarine.fr\/en\/product\/display-idea-touch-vimar\/#primaryimage\"},\"image\":{\"@id\":\"https:\/\/coolmarine.fr\/en\/product\/display-idea-touch-vimar\/#primaryimage\"},\"thumbnailUrl\":\"https:\/\/coolmarine.fr\/wp-content\/uploads\/2024\/06\/3538.webp\",\"datePublished\":\"2024-06-20T13:55:03+00:00\",\"dateModified\":\"2024-09-30T08:57:24+00:00\",\"breadcrumb\":{\"@id\":\"https:\/\/coolmarine.fr\/en\/product\/display-idea-touch-vimar\/#breadcrumb\"},\"inLanguage\":\"en-GB\",\"potentialAction\":[{\"@type\":\"ReadAction\",\"target\":[\"https:\/\/coolmarine.fr\/en\/product\/display-idea-touch-vimar\/\"]}]},{\"@type\":\"ImageObject\",\"inLanguage\":\"en-GB\",\"@id\":\"https:\/\/coolmarine.fr\/en\/product\/display-idea-touch-vimar\/#primaryimage\",\"url\":\"https:\/\/coolmarine.fr\/wp-content\/uploads\/2024\/06\/3538.webp\",\"contentUrl\":\"https:\/\/coolmarine.fr\/wp-content\/uploads\/2024\/06\/3538.webp\",\"width\":587,\"height\":461},{\"@type\":\"BreadcrumbList\",\"@id\":\"https:\/\/coolmarine.fr\/en\/product\/display-idea-touch-vimar\/#breadcrumb\",\"itemListElement\":[{\"@type\":\"ListItem\",\"position\":1,\"name\":\"Accueil\",\"item\":\"https:\/\/coolmarine.fr\/\"},{\"@type\":\"ListItem\",\"position\":2,\"name\":\"Nos produits\",\"item\":\"https:\/\/coolmarine.fr\/en\/nos-produits\/\"},{\"@type\":\"ListItem\",\"position\":3,\"name\":\"Carte principale Idea 10 vitesses avec chauffage \u00e9lectrique en bo\u00eete \u00e0 air + sonde d&rsquo;air\"}]},{\"@type\":\"WebSite\",\"@id\":\"https:\/\/coolmarine.fr\/#website\",\"url\":\"https:\/\/coolmarine.fr\/\",\"name\":\"Cool Marine\",\"description\":\"Air System Cooling\",\"publisher\":{\"@id\":\"https:\/\/coolmarine.fr\/#organization\"},\"potentialAction\":[{\"@type\":\"SearchAction\",\"target\":{\"@type\":\"EntryPoint\",\"urlTemplate\":\"https:\/\/coolmarine.fr\/?s={search_term_string}\"},\"query-input\":{\"@type\":\"PropertyValueSpecification\",\"valueRequired\":true,\"valueName\":\"search_term_string\"}}],\"inLanguage\":\"en-GB\"},{\"@type\":\"Organization\",\"@id\":\"https:\/\/coolmarine.fr\/#organization\",\"name\":\"Cool Marine\",\"url\":\"https:\/\/coolmarine.fr\/\",\"logo\":{\"@type\":\"ImageObject\",\"inLanguage\":\"en-GB\",\"@id\":\"https:\/\/coolmarine.fr\/#\/schema\/logo\/image\/\",\"url\":\"https:\/\/coolmarine.fr\/wp-content\/uploads\/2024\/04\/Logo_Coolmarine_2-removebg-preview.png\",\"contentUrl\":\"https:\/\/coolmarine.fr\/wp-content\/uploads\/2024\/04\/Logo_Coolmarine_2-removebg-preview.png\",\"width\":820,\"height\":274,\"caption\":\"Cool Marine\"},\"image\":{\"@id\":\"https:\/\/coolmarine.fr\/#\/schema\/logo\/image\/\"}}]}<\/script>\n<!-- \/ Yoast SEO plugin. -->","yoast_head_json":{"title":"Carte principale Idea 10 vitesses avec chauffage \u00e9lectrique en bo\u00eete \u00e0 air + sonde d'air - Cool Marine","robots":{"index":"index","follow":"follow","max-snippet":"max-snippet:-1","max-image-preview":"max-image-preview:large","max-video-preview":"max-video-preview:-1"},"canonical":"https:\/\/coolmarine.fr\/en\/product\/display-idea-touch-vimar\/","og_locale":"en_GB","og_type":"article","og_title":"Carte principale Idea 10 vitesses avec chauffage \u00e9lectrique en bo\u00eete \u00e0 air + sonde d'air - Cool Marine","og_description":"Carte principale Idea 10 vitesses avec chauffage \u00e9lectrique en bo\u00eete \u00e0 air  capteur inclus","og_url":"https:\/\/coolmarine.fr\/en\/product\/display-idea-touch-vimar\/","og_site_name":"Cool Marine","article_modified_time":"2024-09-30T08:57:24+00:00","og_image":[{"width":587,"height":461,"url":"https:\/\/coolmarine.fr\/wp-content\/uploads\/2024\/06\/3538.webp","type":"image\/webp"}],"twitter_card":"summary_large_image","schema":{"@context":"https:\/\/schema.org","@graph":[{"@type":"WebPage","@id":"https:\/\/coolmarine.fr\/en\/product\/display-idea-touch-vimar\/","url":"https:\/\/coolmarine.fr\/en\/product\/display-idea-touch-vimar\/","name":"Carte principale Idea 10 vitesses avec chauffage \u00e9lectrique en bo\u00eete \u00e0 air + sonde d'air - Cool Marine","isPartOf":{"@id":"https:\/\/coolmarine.fr\/#website"},"primaryImageOfPage":{"@id":"https:\/\/coolmarine.fr\/en\/product\/display-idea-touch-vimar\/#primaryimage"},"image":{"@id":"https:\/\/coolmarine.fr\/en\/product\/display-idea-touch-vimar\/#primaryimage"},"thumbnailUrl":"https:\/\/coolmarine.fr\/wp-content\/uploads\/2024\/06\/3538.webp","datePublished":"2024-06-20T13:55:03+00:00","dateModified":"2024-09-30T08:57:24+00:00","breadcrumb":{"@id":"https:\/\/coolmarine.fr\/en\/product\/display-idea-touch-vimar\/#breadcrumb"},"inLanguage":"en-GB","potentialAction":[{"@type":"ReadAction","target":["https:\/\/coolmarine.fr\/en\/product\/display-idea-touch-vimar\/"]}]},{"@type":"ImageObject","inLanguage":"en-GB","@id":"https:\/\/coolmarine.fr\/en\/product\/display-idea-touch-vimar\/#primaryimage","url":"https:\/\/coolmarine.fr\/wp-content\/uploads\/2024\/06\/3538.webp","contentUrl":"https:\/\/coolmarine.fr\/wp-content\/uploads\/2024\/06\/3538.webp","width":587,"height":461},{"@type":"BreadcrumbList","@id":"https:\/\/coolmarine.fr\/en\/product\/display-idea-touch-vimar\/#breadcrumb","itemListElement":[{"@type":"ListItem","position":1,"name":"Accueil","item":"https:\/\/coolmarine.fr\/"},{"@type":"ListItem","position":2,"name":"Nos produits","item":"https:\/\/coolmarine.fr\/en\/nos-produits\/"},{"@type":"ListItem","position":3,"name":"Carte principale Idea 10 vitesses avec chauffage \u00e9lectrique en bo\u00eete \u00e0 air + sonde d&rsquo;air"}]},{"@type":"WebSite","@id":"https:\/\/coolmarine.fr\/#website","url":"https:\/\/coolmarine.fr\/","name":"Cool Marine","description":"Air System Cooling","publisher":{"@id":"https:\/\/coolmarine.fr\/#organization"},"potentialAction":[{"@type":"SearchAction","target":{"@type":"EntryPoint","urlTemplate":"https:\/\/coolmarine.fr\/?s={search_term_string}"},"query-input":{"@type":"PropertyValueSpecification","valueRequired":true,"valueName":"search_term_string"}}],"inLanguage":"en-GB"},{"@type":"Organization","@id":"https:\/\/coolmarine.fr\/#organization","name":"Cool Marine","url":"https:\/\/coolmarine.fr\/","logo":{"@type":"ImageObject","inLanguage":"en-GB","@id":"https:\/\/coolmarine.fr\/#\/schema\/logo\/image\/","url":"https:\/\/coolmarine.fr\/wp-content\/uploads\/2024\/04\/Logo_Coolmarine_2-removebg-preview.png","contentUrl":"https:\/\/coolmarine.fr\/wp-content\/uploads\/2024\/04\/Logo_Coolmarine_2-removebg-preview.png","width":820,"height":274,"caption":"Cool Marine"},"image":{"@id":"https:\/\/coolmarine.fr\/#\/schema\/logo\/image\/"}}]}},"_links":{"self":[{"href":"https:\/\/coolmarine.fr\/en\/wp-json\/wp\/v2\/product\/1490","targetHints":{"allow":["GET"]}}],"collection":[{"href":"https:\/\/coolmarine.fr\/en\/wp-json\/wp\/v2\/product"}],"about":[{"href":"https:\/\/coolmarine.fr\/en\/wp-json\/wp\/v2\/types\/product"}],"wp:featuredmedia":[{"embeddable":true,"href":"https:\/\/coolmarine.fr\/en\/wp-json\/wp\/v2\/media\/1491"}],"wp:attachment":[{"href":"https:\/\/coolmarine.fr\/en\/wp-json\/wp\/v2\/media?parent=1490"}],"wp:term":[{"taxonomy":"product_brand","embeddable":true,"href":"https:\/\/coolmarine.fr\/en\/wp-json\/wp\/v2\/product_brand?post=1490"},{"taxonomy":"product_cat","embeddable":true,"href":"https:\/\/coolmarine.fr\/en\/wp-json\/wp\/v2\/product_cat?post=1490"},{"taxonomy":"product_tag","embeddable":true,"href":"https:\/\/coolmarine.fr\/en\/wp-json\/wp\/v2\/product_tag?post=1490"}],"curies":[{"name":"wp","href":"https:\/\/api.w.org\/{rel}","templated":true}]}}