{"id":1497,"date":"2024-06-20T16:07:30","date_gmt":"2024-06-20T14:07:30","guid":{"rendered":"https:\/\/coolmarine.fr\/?post_type=product&#038;p=1497"},"modified":"2024-09-30T10:57:02","modified_gmt":"2024-09-30T08:57:02","slug":"display-only-elite-ii-eikon-g2-support-vimar","status":"publish","type":"product","link":"https:\/\/coolmarine.fr\/en\/product\/display-only-elite-ii-eikon-g2-support-vimar\/","title":{"rendered":"Display only elite II Eikon G2 &#8211; Support vimar"},"content":{"rendered":"","protected":false},"excerpt":{"rendered":"<div><img decoding=\"async\" class=\"alignnone size-medium wp-image-1441\" src=\"http:\/\/coolmarine.fr\/wp-content\/uploads\/2024\/06\/2-300x139.png\" alt=\"\" width=\"300\" height=\"139\" srcset=\"https:\/\/coolmarine.fr\/wp-content\/uploads\/2024\/06\/2-300x139.png 300w, https:\/\/coolmarine.fr\/wp-content\/uploads\/2024\/06\/2-600x278.png 600w, https:\/\/coolmarine.fr\/wp-content\/uploads\/2024\/06\/2-1024x474.png 1024w, https:\/\/coolmarine.fr\/wp-content\/uploads\/2024\/06\/2-768x356.png 768w, https:\/\/coolmarine.fr\/wp-content\/uploads\/2024\/06\/2.png 1080w\" sizes=\"(max-width: 300px) 100vw, 300px\" \/><\/div>\n<div>Claviers de contr\u00f4le. MFG# : 222000216 Convient \u00e0 la lunette Vimar Eikon Le clavier\/afficheur Elite\u2122 offre un contr\u00f4le de la climatisation facile \u00e0 utiliser dans un emballage attrayant. Il fonctionne avec le syst\u00e8me \u00e0 microprocesseur Passport I\/O de Marine Air pour le contr\u00f4le et la surveillance pr\u00e9cis des syst\u00e8mes de climatisation marins. Le clavier\/afficheur Elite fonctionne sous 115 ou 230 volts, chacun pouvant \u00eatre utilis\u00e9 \u00e0 50 ou 60 cycles. L&rsquo;Elite est dot\u00e9 de touches en relief pour faciliter l&rsquo;acc\u00e8s et le contr\u00f4le. Le bouton Mode permet de faire d\u00e9filer les quatre modes de fonctionnement, ce qui simplifie la programmation. Les enjoliveurs d\u00e9coratifs Vimar\u00ae (vendus s\u00e9par\u00e9ment) sont disponibles dans une vari\u00e9t\u00e9 de couleurs et de mat\u00e9riaux pour s&rsquo;harmoniser avec l&rsquo;int\u00e9rieur de votre navire. Le clavier\/afficheur Elite est programmable par flash, ce qui permet des mises \u00e0 jour futures du logiciel sans avoir \u00e0 remplacer le circuit imprim\u00e9.<\/div>\n<div class=\"ig ix\"><\/div>","protected":false},"featured_media":1499,"template":"","meta":{"_acf_changed":false},"product_brand":[],"product_cat":[63,34],"product_tag":[],"class_list":{"0":"post-1497","1":"product","2":"type-product","3":"status-publish","4":"has-post-thumbnail","6":"product_cat-controle-de-la-climatisation","7":"product_cat-dometic","9":"first","10":"instock","11":"shipping-taxable","12":"product-type-simple"},"acf":[],"yoast_head":"<!-- This site is optimized with the Yoast SEO plugin v24.3 - https:\/\/yoast.com\/wordpress\/plugins\/seo\/ -->\n<title>Display only elite II Eikon G2 - Support vimar - Cool Marine<\/title>\n<meta name=\"robots\" content=\"index, follow, max-snippet:-1, max-image-preview:large, max-video-preview:-1\" \/>\n<link rel=\"canonical\" href=\"https:\/\/coolmarine.fr\/en\/product\/display-only-elite-ii-eikon-g2-support-vimar\/\" \/>\n<meta property=\"og:locale\" content=\"en_GB\" \/>\n<meta property=\"og:type\" content=\"article\" \/>\n<meta property=\"og:title\" content=\"Display only elite II Eikon G2 - Support vimar - Cool Marine\" \/>\n<meta property=\"og:description\" content=\"Claviers de contr\u00f4le. MFG# : 222000216 Convient \u00e0 la lunette Vimar Eikon Le clavier\/afficheur Elite\u2122 offre un contr\u00f4le de la climatisation facile \u00e0 utiliser dans un emballage attrayant. Il fonctionne avec le syst\u00e8me \u00e0 microprocesseur Passport I\/O de Marine Air pour le contr\u00f4le et la surveillance pr\u00e9cis des syst\u00e8mes de climatisation marins. Le clavier\/afficheur Elite fonctionne sous 115 ou 230 volts, chacun pouvant \u00eatre utilis\u00e9 \u00e0 50 ou 60 cycles. L&#039;Elite est dot\u00e9 de touches en relief pour faciliter l&#039;acc\u00e8s et le contr\u00f4le. Le bouton Mode permet de faire d\u00e9filer les quatre modes de fonctionnement, ce qui simplifie la programmation. Les enjoliveurs d\u00e9coratifs Vimar\u00ae (vendus s\u00e9par\u00e9ment) sont disponibles dans une vari\u00e9t\u00e9 de couleurs et de mat\u00e9riaux pour s&#039;harmoniser avec l&#039;int\u00e9rieur de votre navire. Le clavier\/afficheur Elite est programmable par flash, ce qui permet des mises \u00e0 jour futures du logiciel sans avoir \u00e0 remplacer le circuit imprim\u00e9.\" \/>\n<meta property=\"og:url\" content=\"https:\/\/coolmarine.fr\/en\/product\/display-only-elite-ii-eikon-g2-support-vimar\/\" \/>\n<meta property=\"og:site_name\" content=\"Cool Marine\" \/>\n<meta property=\"article:modified_time\" content=\"2024-09-30T08:57:02+00:00\" \/>\n<meta property=\"og:image\" content=\"https:\/\/coolmarine.fr\/wp-content\/uploads\/2024\/06\/dometic_marine-air-digital-elite-1__66141.webp\" \/>\n\t<meta property=\"og:image:width\" content=\"1280\" \/>\n\t<meta property=\"og:image:height\" content=\"1280\" \/>\n\t<meta property=\"og:image:type\" content=\"image\/webp\" \/>\n<meta name=\"twitter:card\" content=\"summary_large_image\" \/>\n<script type=\"application\/ld+json\" class=\"yoast-schema-graph\">{\"@context\":\"https:\/\/schema.org\",\"@graph\":[{\"@type\":\"WebPage\",\"@id\":\"https:\/\/coolmarine.fr\/produit\/display-only-elite-ii-eikon-g2-support-vimar\/\",\"url\":\"https:\/\/coolmarine.fr\/produit\/display-only-elite-ii-eikon-g2-support-vimar\/\",\"name\":\"Display only elite II Eikon G2 - Support vimar - Cool Marine\",\"isPartOf\":{\"@id\":\"https:\/\/coolmarine.fr\/#website\"},\"primaryImageOfPage\":{\"@id\":\"https:\/\/coolmarine.fr\/produit\/display-only-elite-ii-eikon-g2-support-vimar\/#primaryimage\"},\"image\":{\"@id\":\"https:\/\/coolmarine.fr\/produit\/display-only-elite-ii-eikon-g2-support-vimar\/#primaryimage\"},\"thumbnailUrl\":\"https:\/\/coolmarine.fr\/wp-content\/uploads\/2024\/06\/dometic_marine-air-digital-elite-1__66141.webp\",\"datePublished\":\"2024-06-20T14:07:30+00:00\",\"dateModified\":\"2024-09-30T08:57:02+00:00\",\"breadcrumb\":{\"@id\":\"https:\/\/coolmarine.fr\/produit\/display-only-elite-ii-eikon-g2-support-vimar\/#breadcrumb\"},\"inLanguage\":\"en-GB\",\"potentialAction\":[{\"@type\":\"ReadAction\",\"target\":[\"https:\/\/coolmarine.fr\/produit\/display-only-elite-ii-eikon-g2-support-vimar\/\"]}]},{\"@type\":\"ImageObject\",\"inLanguage\":\"en-GB\",\"@id\":\"https:\/\/coolmarine.fr\/produit\/display-only-elite-ii-eikon-g2-support-vimar\/#primaryimage\",\"url\":\"https:\/\/coolmarine.fr\/wp-content\/uploads\/2024\/06\/dometic_marine-air-digital-elite-1__66141.webp\",\"contentUrl\":\"https:\/\/coolmarine.fr\/wp-content\/uploads\/2024\/06\/dometic_marine-air-digital-elite-1__66141.webp\",\"width\":1280,\"height\":1280},{\"@type\":\"BreadcrumbList\",\"@id\":\"https:\/\/coolmarine.fr\/produit\/display-only-elite-ii-eikon-g2-support-vimar\/#breadcrumb\",\"itemListElement\":[{\"@type\":\"ListItem\",\"position\":1,\"name\":\"Accueil\",\"item\":\"http:\/\/coolmarine.fr\/\"},{\"@type\":\"ListItem\",\"position\":2,\"name\":\"Nos produits\",\"item\":\"https:\/\/coolmarine.fr\/nos-produits\/\"},{\"@type\":\"ListItem\",\"position\":3,\"name\":\"Display only elite II Eikon G2 &#8211; Support vimar\"}]},{\"@type\":\"WebSite\",\"@id\":\"https:\/\/coolmarine.fr\/#website\",\"url\":\"https:\/\/coolmarine.fr\/\",\"name\":\"Cool Marine\",\"description\":\"Air System Cooling\",\"publisher\":{\"@id\":\"https:\/\/coolmarine.fr\/#organization\"},\"potentialAction\":[{\"@type\":\"SearchAction\",\"target\":{\"@type\":\"EntryPoint\",\"urlTemplate\":\"https:\/\/coolmarine.fr\/?s={search_term_string}\"},\"query-input\":{\"@type\":\"PropertyValueSpecification\",\"valueRequired\":true,\"valueName\":\"search_term_string\"}}],\"inLanguage\":\"en-GB\"},{\"@type\":\"Organization\",\"@id\":\"https:\/\/coolmarine.fr\/#organization\",\"name\":\"Cool Marine\",\"url\":\"https:\/\/coolmarine.fr\/\",\"logo\":{\"@type\":\"ImageObject\",\"inLanguage\":\"en-GB\",\"@id\":\"https:\/\/coolmarine.fr\/#\/schema\/logo\/image\/\",\"url\":\"https:\/\/coolmarine.fr\/wp-content\/uploads\/2024\/04\/Logo_Coolmarine_2-removebg-preview.png\",\"contentUrl\":\"https:\/\/coolmarine.fr\/wp-content\/uploads\/2024\/04\/Logo_Coolmarine_2-removebg-preview.png\",\"width\":820,\"height\":274,\"caption\":\"Cool Marine\"},\"image\":{\"@id\":\"https:\/\/coolmarine.fr\/#\/schema\/logo\/image\/\"}}]}<\/script>\n<!-- \/ Yoast SEO plugin. -->","yoast_head_json":{"title":"Display only elite II Eikon G2 - Support vimar - Cool Marine","robots":{"index":"index","follow":"follow","max-snippet":"max-snippet:-1","max-image-preview":"max-image-preview:large","max-video-preview":"max-video-preview:-1"},"canonical":"https:\/\/coolmarine.fr\/en\/product\/display-only-elite-ii-eikon-g2-support-vimar\/","og_locale":"en_GB","og_type":"article","og_title":"Display only elite II Eikon G2 - Support vimar - Cool Marine","og_description":"Claviers de contr\u00f4le. MFG# : 222000216 Convient \u00e0 la lunette Vimar Eikon Le clavier\/afficheur Elite\u2122 offre un contr\u00f4le de la climatisation facile \u00e0 utiliser dans un emballage attrayant. Il fonctionne avec le syst\u00e8me \u00e0 microprocesseur Passport I\/O de Marine Air pour le contr\u00f4le et la surveillance pr\u00e9cis des syst\u00e8mes de climatisation marins. Le clavier\/afficheur Elite fonctionne sous 115 ou 230 volts, chacun pouvant \u00eatre utilis\u00e9 \u00e0 50 ou 60 cycles. L'Elite est dot\u00e9 de touches en relief pour faciliter l'acc\u00e8s et le contr\u00f4le. Le bouton Mode permet de faire d\u00e9filer les quatre modes de fonctionnement, ce qui simplifie la programmation. Les enjoliveurs d\u00e9coratifs Vimar\u00ae (vendus s\u00e9par\u00e9ment) sont disponibles dans une vari\u00e9t\u00e9 de couleurs et de mat\u00e9riaux pour s'harmoniser avec l'int\u00e9rieur de votre navire. Le clavier\/afficheur Elite est programmable par flash, ce qui permet des mises \u00e0 jour futures du logiciel sans avoir \u00e0 remplacer le circuit imprim\u00e9.","og_url":"https:\/\/coolmarine.fr\/en\/product\/display-only-elite-ii-eikon-g2-support-vimar\/","og_site_name":"Cool Marine","article_modified_time":"2024-09-30T08:57:02+00:00","og_image":[{"width":1280,"height":1280,"url":"https:\/\/coolmarine.fr\/wp-content\/uploads\/2024\/06\/dometic_marine-air-digital-elite-1__66141.webp","type":"image\/webp"}],"twitter_card":"summary_large_image","schema":{"@context":"https:\/\/schema.org","@graph":[{"@type":"WebPage","@id":"https:\/\/coolmarine.fr\/produit\/display-only-elite-ii-eikon-g2-support-vimar\/","url":"https:\/\/coolmarine.fr\/produit\/display-only-elite-ii-eikon-g2-support-vimar\/","name":"Display only elite II Eikon G2 - Support vimar - Cool Marine","isPartOf":{"@id":"https:\/\/coolmarine.fr\/#website"},"primaryImageOfPage":{"@id":"https:\/\/coolmarine.fr\/produit\/display-only-elite-ii-eikon-g2-support-vimar\/#primaryimage"},"image":{"@id":"https:\/\/coolmarine.fr\/produit\/display-only-elite-ii-eikon-g2-support-vimar\/#primaryimage"},"thumbnailUrl":"https:\/\/coolmarine.fr\/wp-content\/uploads\/2024\/06\/dometic_marine-air-digital-elite-1__66141.webp","datePublished":"2024-06-20T14:07:30+00:00","dateModified":"2024-09-30T08:57:02+00:00","breadcrumb":{"@id":"https:\/\/coolmarine.fr\/produit\/display-only-elite-ii-eikon-g2-support-vimar\/#breadcrumb"},"inLanguage":"en-GB","potentialAction":[{"@type":"ReadAction","target":["https:\/\/coolmarine.fr\/produit\/display-only-elite-ii-eikon-g2-support-vimar\/"]}]},{"@type":"ImageObject","inLanguage":"en-GB","@id":"https:\/\/coolmarine.fr\/produit\/display-only-elite-ii-eikon-g2-support-vimar\/#primaryimage","url":"https:\/\/coolmarine.fr\/wp-content\/uploads\/2024\/06\/dometic_marine-air-digital-elite-1__66141.webp","contentUrl":"https:\/\/coolmarine.fr\/wp-content\/uploads\/2024\/06\/dometic_marine-air-digital-elite-1__66141.webp","width":1280,"height":1280},{"@type":"BreadcrumbList","@id":"https:\/\/coolmarine.fr\/produit\/display-only-elite-ii-eikon-g2-support-vimar\/#breadcrumb","itemListElement":[{"@type":"ListItem","position":1,"name":"Accueil","item":"http:\/\/coolmarine.fr\/"},{"@type":"ListItem","position":2,"name":"Nos produits","item":"https:\/\/coolmarine.fr\/nos-produits\/"},{"@type":"ListItem","position":3,"name":"Display only elite II Eikon G2 &#8211; Support vimar"}]},{"@type":"WebSite","@id":"https:\/\/coolmarine.fr\/#website","url":"https:\/\/coolmarine.fr\/","name":"Cool Marine","description":"Air System Cooling","publisher":{"@id":"https:\/\/coolmarine.fr\/#organization"},"potentialAction":[{"@type":"SearchAction","target":{"@type":"EntryPoint","urlTemplate":"https:\/\/coolmarine.fr\/?s={search_term_string}"},"query-input":{"@type":"PropertyValueSpecification","valueRequired":true,"valueName":"search_term_string"}}],"inLanguage":"en-GB"},{"@type":"Organization","@id":"https:\/\/coolmarine.fr\/#organization","name":"Cool Marine","url":"https:\/\/coolmarine.fr\/","logo":{"@type":"ImageObject","inLanguage":"en-GB","@id":"https:\/\/coolmarine.fr\/#\/schema\/logo\/image\/","url":"https:\/\/coolmarine.fr\/wp-content\/uploads\/2024\/04\/Logo_Coolmarine_2-removebg-preview.png","contentUrl":"https:\/\/coolmarine.fr\/wp-content\/uploads\/2024\/04\/Logo_Coolmarine_2-removebg-preview.png","width":820,"height":274,"caption":"Cool Marine"},"image":{"@id":"https:\/\/coolmarine.fr\/#\/schema\/logo\/image\/"}}]}},"_links":{"self":[{"href":"https:\/\/coolmarine.fr\/en\/wp-json\/wp\/v2\/product\/1497","targetHints":{"allow":["GET"]}}],"collection":[{"href":"https:\/\/coolmarine.fr\/en\/wp-json\/wp\/v2\/product"}],"about":[{"href":"https:\/\/coolmarine.fr\/en\/wp-json\/wp\/v2\/types\/product"}],"wp:featuredmedia":[{"embeddable":true,"href":"https:\/\/coolmarine.fr\/en\/wp-json\/wp\/v2\/media\/1499"}],"wp:attachment":[{"href":"https:\/\/coolmarine.fr\/en\/wp-json\/wp\/v2\/media?parent=1497"}],"wp:term":[{"taxonomy":"product_brand","embeddable":true,"href":"https:\/\/coolmarine.fr\/en\/wp-json\/wp\/v2\/product_brand?post=1497"},{"taxonomy":"product_cat","embeddable":true,"href":"https:\/\/coolmarine.fr\/en\/wp-json\/wp\/v2\/product_cat?post=1497"},{"taxonomy":"product_tag","embeddable":true,"href":"https:\/\/coolmarine.fr\/en\/wp-json\/wp\/v2\/product_tag?post=1497"}],"curies":[{"name":"wp","href":"https:\/\/api.w.org\/{rel}","templated":true}]}}