{"id":1508,"date":"2024-06-20T16:28:44","date_gmt":"2024-06-20T14:28:44","guid":{"rendered":"https:\/\/coolmarine.fr\/?post_type=product&#038;p=1508"},"modified":"2024-09-30T10:56:43","modified_gmt":"2024-09-30T08:56:43","slug":"pompe-24-k-pml500cl-220-50-60hz-model-336181","status":"publish","type":"product","link":"https:\/\/coolmarine.fr\/en\/product\/pompe-24-k-pml500cl-220-50-60hz-model-336181\/","title":{"rendered":"POMPE 24 K PML500CL 220\/50-60Hz MODEL 336181"},"content":{"rendered":"","protected":false},"excerpt":{"rendered":"<p>La pompe MARCH PUMP LC-3CP-MD 230V 50\/60 HZ est une pompe centrifuge \u00e0 entra\u00eenement magn\u00e9tique, ce qui \u00e9limine la n\u00e9cessit\u00e9 d&rsquo;un joint d&rsquo;arbre. Les pompes peuvent \u00eatre entretenues \u00e0 l&rsquo;aide d&rsquo;un tournevis. La pompe \u00ab\u00a0LC\u00a0\u00bb est herm\u00e9tiquement encapsul\u00e9e et refroidie par liquide, ce qui permet \u00e0 la pompe de fonctionner enti\u00e8rement immerg\u00e9e ou \u00e0 l&rsquo;air libre pour une protection compl\u00e8te contre l&rsquo;humidit\u00e9.<\/p>","protected":false},"featured_media":1509,"template":"","meta":{"_acf_changed":false},"product_brand":[],"product_cat":[34],"product_tag":[],"class_list":{"0":"post-1508","1":"product","2":"type-product","3":"status-publish","4":"has-post-thumbnail","6":"product_cat-dometic","8":"first","9":"instock","10":"shipping-taxable","11":"product-type-simple"},"acf":[],"yoast_head":"<!-- This site is optimized with the Yoast SEO plugin v24.3 - https:\/\/yoast.com\/wordpress\/plugins\/seo\/ -->\n<title>POMPE 24 K PML500CL 220\/50-60Hz MODEL 336181 - Cool Marine<\/title>\n<meta name=\"robots\" content=\"index, follow, max-snippet:-1, max-image-preview:large, max-video-preview:-1\" \/>\n<link rel=\"canonical\" href=\"https:\/\/coolmarine.fr\/en\/product\/pompe-24-k-pml500cl-220-50-60hz-model-336181\/\" \/>\n<meta property=\"og:locale\" content=\"en_GB\" \/>\n<meta property=\"og:type\" content=\"article\" \/>\n<meta property=\"og:title\" content=\"POMPE 24 K PML500CL 220\/50-60Hz MODEL 336181 - Cool Marine\" \/>\n<meta property=\"og:description\" content=\"La pompe MARCH PUMP LC-3CP-MD 230V 50\/60 HZ est une pompe centrifuge \u00e0 entra\u00eenement magn\u00e9tique, ce qui \u00e9limine la n\u00e9cessit\u00e9 d&#039;un joint d&#039;arbre. Les pompes peuvent \u00eatre entretenues \u00e0 l&#039;aide d&#039;un tournevis. La pompe &quot;LC&quot; est herm\u00e9tiquement encapsul\u00e9e et refroidie par liquide, ce qui permet \u00e0 la pompe de fonctionner enti\u00e8rement immerg\u00e9e ou \u00e0 l&#039;air libre pour une protection compl\u00e8te contre l&#039;humidit\u00e9.\" \/>\n<meta property=\"og:url\" content=\"https:\/\/coolmarine.fr\/en\/product\/pompe-24-k-pml500cl-220-50-60hz-model-336181\/\" \/>\n<meta property=\"og:site_name\" content=\"Cool Marine\" \/>\n<meta property=\"article:modified_time\" content=\"2024-09-30T08:56:43+00:00\" \/>\n<meta property=\"og:image\" content=\"https:\/\/coolmarine.fr\/wp-content\/uploads\/2024\/06\/march-lc-3cp-md2.webp\" \/>\n\t<meta property=\"og:image:width\" content=\"600\" \/>\n\t<meta property=\"og:image:height\" content=\"600\" \/>\n\t<meta property=\"og:image:type\" content=\"image\/webp\" \/>\n<meta name=\"twitter:card\" content=\"summary_large_image\" \/>\n<script type=\"application\/ld+json\" class=\"yoast-schema-graph\">{\"@context\":\"https:\/\/schema.org\",\"@graph\":[{\"@type\":\"WebPage\",\"@id\":\"https:\/\/coolmarine.fr\/en\/product\/pompe-24-k-pml500cl-220-50-60hz-model-336181\/\",\"url\":\"https:\/\/coolmarine.fr\/en\/product\/pompe-24-k-pml500cl-220-50-60hz-model-336181\/\",\"name\":\"POMPE 24 K PML500CL 220\/50-60Hz MODEL 336181 - Cool Marine\",\"isPartOf\":{\"@id\":\"https:\/\/coolmarine.fr\/#website\"},\"primaryImageOfPage\":{\"@id\":\"https:\/\/coolmarine.fr\/en\/product\/pompe-24-k-pml500cl-220-50-60hz-model-336181\/#primaryimage\"},\"image\":{\"@id\":\"https:\/\/coolmarine.fr\/en\/product\/pompe-24-k-pml500cl-220-50-60hz-model-336181\/#primaryimage\"},\"thumbnailUrl\":\"https:\/\/coolmarine.fr\/wp-content\/uploads\/2024\/06\/march-lc-3cp-md2.webp\",\"datePublished\":\"2024-06-20T14:28:44+00:00\",\"dateModified\":\"2024-09-30T08:56:43+00:00\",\"breadcrumb\":{\"@id\":\"https:\/\/coolmarine.fr\/en\/product\/pompe-24-k-pml500cl-220-50-60hz-model-336181\/#breadcrumb\"},\"inLanguage\":\"en-GB\",\"potentialAction\":[{\"@type\":\"ReadAction\",\"target\":[\"https:\/\/coolmarine.fr\/en\/product\/pompe-24-k-pml500cl-220-50-60hz-model-336181\/\"]}]},{\"@type\":\"ImageObject\",\"inLanguage\":\"en-GB\",\"@id\":\"https:\/\/coolmarine.fr\/en\/product\/pompe-24-k-pml500cl-220-50-60hz-model-336181\/#primaryimage\",\"url\":\"https:\/\/coolmarine.fr\/wp-content\/uploads\/2024\/06\/march-lc-3cp-md2.webp\",\"contentUrl\":\"https:\/\/coolmarine.fr\/wp-content\/uploads\/2024\/06\/march-lc-3cp-md2.webp\",\"width\":600,\"height\":600},{\"@type\":\"BreadcrumbList\",\"@id\":\"https:\/\/coolmarine.fr\/en\/product\/pompe-24-k-pml500cl-220-50-60hz-model-336181\/#breadcrumb\",\"itemListElement\":[{\"@type\":\"ListItem\",\"position\":1,\"name\":\"Accueil\",\"item\":\"https:\/\/coolmarine.fr\/\"},{\"@type\":\"ListItem\",\"position\":2,\"name\":\"Nos produits\",\"item\":\"https:\/\/coolmarine.fr\/en\/nos-produits\/\"},{\"@type\":\"ListItem\",\"position\":3,\"name\":\"POMPE 24 K PML500CL 220\/50-60Hz MODEL 336181\"}]},{\"@type\":\"WebSite\",\"@id\":\"https:\/\/coolmarine.fr\/#website\",\"url\":\"https:\/\/coolmarine.fr\/\",\"name\":\"Cool Marine\",\"description\":\"Air System Cooling\",\"publisher\":{\"@id\":\"https:\/\/coolmarine.fr\/#organization\"},\"potentialAction\":[{\"@type\":\"SearchAction\",\"target\":{\"@type\":\"EntryPoint\",\"urlTemplate\":\"https:\/\/coolmarine.fr\/?s={search_term_string}\"},\"query-input\":{\"@type\":\"PropertyValueSpecification\",\"valueRequired\":true,\"valueName\":\"search_term_string\"}}],\"inLanguage\":\"en-GB\"},{\"@type\":\"Organization\",\"@id\":\"https:\/\/coolmarine.fr\/#organization\",\"name\":\"Cool Marine\",\"url\":\"https:\/\/coolmarine.fr\/\",\"logo\":{\"@type\":\"ImageObject\",\"inLanguage\":\"en-GB\",\"@id\":\"https:\/\/coolmarine.fr\/#\/schema\/logo\/image\/\",\"url\":\"https:\/\/coolmarine.fr\/wp-content\/uploads\/2024\/04\/Logo_Coolmarine_2-removebg-preview.png\",\"contentUrl\":\"https:\/\/coolmarine.fr\/wp-content\/uploads\/2024\/04\/Logo_Coolmarine_2-removebg-preview.png\",\"width\":820,\"height\":274,\"caption\":\"Cool Marine\"},\"image\":{\"@id\":\"https:\/\/coolmarine.fr\/#\/schema\/logo\/image\/\"}}]}<\/script>\n<!-- \/ Yoast SEO plugin. -->","yoast_head_json":{"title":"POMPE 24 K PML500CL 220\/50-60Hz MODEL 336181 - Cool Marine","robots":{"index":"index","follow":"follow","max-snippet":"max-snippet:-1","max-image-preview":"max-image-preview:large","max-video-preview":"max-video-preview:-1"},"canonical":"https:\/\/coolmarine.fr\/en\/product\/pompe-24-k-pml500cl-220-50-60hz-model-336181\/","og_locale":"en_GB","og_type":"article","og_title":"POMPE 24 K PML500CL 220\/50-60Hz MODEL 336181 - Cool Marine","og_description":"La pompe MARCH PUMP LC-3CP-MD 230V 50\/60 HZ est une pompe centrifuge \u00e0 entra\u00eenement magn\u00e9tique, ce qui \u00e9limine la n\u00e9cessit\u00e9 d'un joint d'arbre. Les pompes peuvent \u00eatre entretenues \u00e0 l'aide d'un tournevis. La pompe \"LC\" est herm\u00e9tiquement encapsul\u00e9e et refroidie par liquide, ce qui permet \u00e0 la pompe de fonctionner enti\u00e8rement immerg\u00e9e ou \u00e0 l'air libre pour une protection compl\u00e8te contre l'humidit\u00e9.","og_url":"https:\/\/coolmarine.fr\/en\/product\/pompe-24-k-pml500cl-220-50-60hz-model-336181\/","og_site_name":"Cool Marine","article_modified_time":"2024-09-30T08:56:43+00:00","og_image":[{"width":600,"height":600,"url":"https:\/\/coolmarine.fr\/wp-content\/uploads\/2024\/06\/march-lc-3cp-md2.webp","type":"image\/webp"}],"twitter_card":"summary_large_image","schema":{"@context":"https:\/\/schema.org","@graph":[{"@type":"WebPage","@id":"https:\/\/coolmarine.fr\/en\/product\/pompe-24-k-pml500cl-220-50-60hz-model-336181\/","url":"https:\/\/coolmarine.fr\/en\/product\/pompe-24-k-pml500cl-220-50-60hz-model-336181\/","name":"POMPE 24 K PML500CL 220\/50-60Hz MODEL 336181 - Cool Marine","isPartOf":{"@id":"https:\/\/coolmarine.fr\/#website"},"primaryImageOfPage":{"@id":"https:\/\/coolmarine.fr\/en\/product\/pompe-24-k-pml500cl-220-50-60hz-model-336181\/#primaryimage"},"image":{"@id":"https:\/\/coolmarine.fr\/en\/product\/pompe-24-k-pml500cl-220-50-60hz-model-336181\/#primaryimage"},"thumbnailUrl":"https:\/\/coolmarine.fr\/wp-content\/uploads\/2024\/06\/march-lc-3cp-md2.webp","datePublished":"2024-06-20T14:28:44+00:00","dateModified":"2024-09-30T08:56:43+00:00","breadcrumb":{"@id":"https:\/\/coolmarine.fr\/en\/product\/pompe-24-k-pml500cl-220-50-60hz-model-336181\/#breadcrumb"},"inLanguage":"en-GB","potentialAction":[{"@type":"ReadAction","target":["https:\/\/coolmarine.fr\/en\/product\/pompe-24-k-pml500cl-220-50-60hz-model-336181\/"]}]},{"@type":"ImageObject","inLanguage":"en-GB","@id":"https:\/\/coolmarine.fr\/en\/product\/pompe-24-k-pml500cl-220-50-60hz-model-336181\/#primaryimage","url":"https:\/\/coolmarine.fr\/wp-content\/uploads\/2024\/06\/march-lc-3cp-md2.webp","contentUrl":"https:\/\/coolmarine.fr\/wp-content\/uploads\/2024\/06\/march-lc-3cp-md2.webp","width":600,"height":600},{"@type":"BreadcrumbList","@id":"https:\/\/coolmarine.fr\/en\/product\/pompe-24-k-pml500cl-220-50-60hz-model-336181\/#breadcrumb","itemListElement":[{"@type":"ListItem","position":1,"name":"Accueil","item":"https:\/\/coolmarine.fr\/"},{"@type":"ListItem","position":2,"name":"Nos produits","item":"https:\/\/coolmarine.fr\/en\/nos-produits\/"},{"@type":"ListItem","position":3,"name":"POMPE 24 K PML500CL 220\/50-60Hz MODEL 336181"}]},{"@type":"WebSite","@id":"https:\/\/coolmarine.fr\/#website","url":"https:\/\/coolmarine.fr\/","name":"Cool Marine","description":"Air System Cooling","publisher":{"@id":"https:\/\/coolmarine.fr\/#organization"},"potentialAction":[{"@type":"SearchAction","target":{"@type":"EntryPoint","urlTemplate":"https:\/\/coolmarine.fr\/?s={search_term_string}"},"query-input":{"@type":"PropertyValueSpecification","valueRequired":true,"valueName":"search_term_string"}}],"inLanguage":"en-GB"},{"@type":"Organization","@id":"https:\/\/coolmarine.fr\/#organization","name":"Cool Marine","url":"https:\/\/coolmarine.fr\/","logo":{"@type":"ImageObject","inLanguage":"en-GB","@id":"https:\/\/coolmarine.fr\/#\/schema\/logo\/image\/","url":"https:\/\/coolmarine.fr\/wp-content\/uploads\/2024\/04\/Logo_Coolmarine_2-removebg-preview.png","contentUrl":"https:\/\/coolmarine.fr\/wp-content\/uploads\/2024\/04\/Logo_Coolmarine_2-removebg-preview.png","width":820,"height":274,"caption":"Cool Marine"},"image":{"@id":"https:\/\/coolmarine.fr\/#\/schema\/logo\/image\/"}}]}},"_links":{"self":[{"href":"https:\/\/coolmarine.fr\/en\/wp-json\/wp\/v2\/product\/1508","targetHints":{"allow":["GET"]}}],"collection":[{"href":"https:\/\/coolmarine.fr\/en\/wp-json\/wp\/v2\/product"}],"about":[{"href":"https:\/\/coolmarine.fr\/en\/wp-json\/wp\/v2\/types\/product"}],"wp:featuredmedia":[{"embeddable":true,"href":"https:\/\/coolmarine.fr\/en\/wp-json\/wp\/v2\/media\/1509"}],"wp:attachment":[{"href":"https:\/\/coolmarine.fr\/en\/wp-json\/wp\/v2\/media?parent=1508"}],"wp:term":[{"taxonomy":"product_brand","embeddable":true,"href":"https:\/\/coolmarine.fr\/en\/wp-json\/wp\/v2\/product_brand?post=1508"},{"taxonomy":"product_cat","embeddable":true,"href":"https:\/\/coolmarine.fr\/en\/wp-json\/wp\/v2\/product_cat?post=1508"},{"taxonomy":"product_tag","embeddable":true,"href":"https:\/\/coolmarine.fr\/en\/wp-json\/wp\/v2\/product_tag?post=1508"}],"curies":[{"name":"wp","href":"https:\/\/api.w.org\/{rel}","templated":true}]}}