{"id":376,"date":"2024-05-15T11:21:34","date_gmt":"2024-05-15T09:21:34","guid":{"rendered":"https:\/\/coolmarine.fr\/?post_type=product&#038;p=376"},"modified":"2024-09-30T11:02:28","modified_gmt":"2024-09-30T09:02:28","slug":"unite-refroidissement-air-conditionne-twcx48-dometic","status":"publish","type":"product","link":"https:\/\/coolmarine.fr\/en\/product\/unite-refroidissement-air-conditionne-twcx48-dometic\/","title":{"rendered":"Unit\u00e9 de refroidissement d\u2019air conditionn\u00e9\u00a0TWCX48 &#8211; Dometic"},"content":{"rendered":"","protected":false},"excerpt":{"rendered":"","protected":false},"featured_media":186,"template":"","meta":{"_acf_changed":false},"product_brand":[],"product_cat":[31,34],"product_tag":[46],"class_list":{"0":"post-376","1":"product","2":"type-product","3":"status-publish","4":"has-post-thumbnail","6":"product_cat-climatisation","7":"product_cat-dometic","8":"product_tag-dometic","10":"first","11":"instock","12":"shipping-taxable","13":"product-type-simple"},"acf":[],"yoast_head":"<!-- This site is optimized with the Yoast SEO plugin v24.3 - https:\/\/yoast.com\/wordpress\/plugins\/seo\/ -->\n<title>Unit\u00e9 de refroidissement d\u2019air conditionn\u00e9\u00a0TWCX48 - Dometic - Cool Marine<\/title>\n<meta name=\"description\" content=\"Le refroidisseur \u00e0 cycle invers\u00e9 Dometic TWCX est une solution hautement performante, offrant \u00e0 la fois chauffage et refroidissement.\" \/>\n<meta name=\"robots\" content=\"index, follow, max-snippet:-1, max-image-preview:large, max-video-preview:-1\" \/>\n<link rel=\"canonical\" href=\"http:\/\/coolmarine.fr\/en\/product\/unite-refroidissement-air-conditionne-twcx48-dometic\/\" \/>\n<meta property=\"og:locale\" content=\"en_GB\" \/>\n<meta property=\"og:type\" content=\"article\" \/>\n<meta property=\"og:title\" content=\"Unit\u00e9 de refroidissement d\u2019air conditionn\u00e9\u00a0TWCX48 - Dometic - Cool Marine\" \/>\n<meta property=\"og:description\" content=\"Le refroidisseur \u00e0 cycle invers\u00e9 Dometic TWCX est une solution hautement performante, offrant \u00e0 la fois chauffage et refroidissement.\" \/>\n<meta property=\"og:url\" content=\"http:\/\/coolmarine.fr\/en\/product\/unite-refroidissement-air-conditionne-twcx48-dometic\/\" \/>\n<meta property=\"og:site_name\" content=\"Cool Marine\" \/>\n<meta property=\"article:modified_time\" content=\"2024-09-30T09:02:28+00:00\" \/>\n<meta property=\"og:image\" content=\"http:\/\/coolmarine.fr\/wp-content\/uploads\/2024\/04\/Capture-decran-2024-04-21-a-12.27.45.png\" \/>\n\t<meta property=\"og:image:width\" content=\"468\" \/>\n\t<meta property=\"og:image:height\" content=\"468\" \/>\n\t<meta property=\"og:image:type\" content=\"image\/png\" \/>\n<meta name=\"twitter:card\" content=\"summary_large_image\" \/>\n<meta name=\"twitter:label1\" content=\"Estimated reading time\" \/>\n\t<meta name=\"twitter:data1\" content=\"1 minute\" \/>\n<script type=\"application\/ld+json\" class=\"yoast-schema-graph\">{\"@context\":\"https:\/\/schema.org\",\"@graph\":[{\"@type\":\"WebPage\",\"@id\":\"http:\/\/coolmarine.fr\/en\/product\/unite-refroidissement-air-conditionne-twcx48-dometic\/\",\"url\":\"http:\/\/coolmarine.fr\/en\/product\/unite-refroidissement-air-conditionne-twcx48-dometic\/\",\"name\":\"Unit\u00e9 de refroidissement d\u2019air conditionn\u00e9\u00a0TWCX48 - Dometic - Cool Marine\",\"isPartOf\":{\"@id\":\"https:\/\/coolmarine.fr\/#website\"},\"primaryImageOfPage\":{\"@id\":\"http:\/\/coolmarine.fr\/en\/product\/unite-refroidissement-air-conditionne-twcx48-dometic\/#primaryimage\"},\"image\":{\"@id\":\"http:\/\/coolmarine.fr\/en\/product\/unite-refroidissement-air-conditionne-twcx48-dometic\/#primaryimage\"},\"thumbnailUrl\":\"https:\/\/coolmarine.fr\/wp-content\/uploads\/2024\/04\/Capture-decran-2024-04-21-a-12.27.45.png\",\"datePublished\":\"2024-05-15T09:21:34+00:00\",\"dateModified\":\"2024-09-30T09:02:28+00:00\",\"description\":\"Le refroidisseur \u00e0 cycle invers\u00e9 Dometic TWCX est une solution hautement performante, offrant \u00e0 la fois chauffage et refroidissement.\",\"breadcrumb\":{\"@id\":\"http:\/\/coolmarine.fr\/en\/product\/unite-refroidissement-air-conditionne-twcx48-dometic\/#breadcrumb\"},\"inLanguage\":\"en-GB\",\"potentialAction\":[{\"@type\":\"ReadAction\",\"target\":[\"http:\/\/coolmarine.fr\/en\/product\/unite-refroidissement-air-conditionne-twcx48-dometic\/\"]}]},{\"@type\":\"ImageObject\",\"inLanguage\":\"en-GB\",\"@id\":\"http:\/\/coolmarine.fr\/en\/product\/unite-refroidissement-air-conditionne-twcx48-dometic\/#primaryimage\",\"url\":\"https:\/\/coolmarine.fr\/wp-content\/uploads\/2024\/04\/Capture-decran-2024-04-21-a-12.27.45.png\",\"contentUrl\":\"https:\/\/coolmarine.fr\/wp-content\/uploads\/2024\/04\/Capture-decran-2024-04-21-a-12.27.45.png\",\"width\":468,\"height\":468},{\"@type\":\"BreadcrumbList\",\"@id\":\"http:\/\/coolmarine.fr\/en\/product\/unite-refroidissement-air-conditionne-twcx48-dometic\/#breadcrumb\",\"itemListElement\":[{\"@type\":\"ListItem\",\"position\":1,\"name\":\"Accueil\",\"item\":\"https:\/\/coolmarine.fr\/\"},{\"@type\":\"ListItem\",\"position\":2,\"name\":\"Nos produits\",\"item\":\"https:\/\/coolmarine.fr\/en\/nos-produits\/\"},{\"@type\":\"ListItem\",\"position\":3,\"name\":\"Unit\u00e9 de refroidissement d\u2019air conditionn\u00e9\u00a0TWCX48 &#8211; Dometic\"}]},{\"@type\":\"WebSite\",\"@id\":\"https:\/\/coolmarine.fr\/#website\",\"url\":\"https:\/\/coolmarine.fr\/\",\"name\":\"Cool Marine\",\"description\":\"Air System Cooling\",\"publisher\":{\"@id\":\"https:\/\/coolmarine.fr\/#organization\"},\"potentialAction\":[{\"@type\":\"SearchAction\",\"target\":{\"@type\":\"EntryPoint\",\"urlTemplate\":\"https:\/\/coolmarine.fr\/?s={search_term_string}\"},\"query-input\":{\"@type\":\"PropertyValueSpecification\",\"valueRequired\":true,\"valueName\":\"search_term_string\"}}],\"inLanguage\":\"en-GB\"},{\"@type\":\"Organization\",\"@id\":\"https:\/\/coolmarine.fr\/#organization\",\"name\":\"Cool Marine\",\"url\":\"https:\/\/coolmarine.fr\/\",\"logo\":{\"@type\":\"ImageObject\",\"inLanguage\":\"en-GB\",\"@id\":\"https:\/\/coolmarine.fr\/#\/schema\/logo\/image\/\",\"url\":\"https:\/\/coolmarine.fr\/wp-content\/uploads\/2024\/04\/Logo_Coolmarine_2-removebg-preview.png\",\"contentUrl\":\"https:\/\/coolmarine.fr\/wp-content\/uploads\/2024\/04\/Logo_Coolmarine_2-removebg-preview.png\",\"width\":820,\"height\":274,\"caption\":\"Cool Marine\"},\"image\":{\"@id\":\"https:\/\/coolmarine.fr\/#\/schema\/logo\/image\/\"}}]}<\/script>\n<!-- \/ Yoast SEO plugin. -->","yoast_head_json":{"title":"Unit\u00e9 de refroidissement d\u2019air conditionn\u00e9\u00a0TWCX48 - Dometic - Cool Marine","description":"Le refroidisseur \u00e0 cycle invers\u00e9 Dometic TWCX est une solution hautement performante, offrant \u00e0 la fois chauffage et refroidissement.","robots":{"index":"index","follow":"follow","max-snippet":"max-snippet:-1","max-image-preview":"max-image-preview:large","max-video-preview":"max-video-preview:-1"},"canonical":"http:\/\/coolmarine.fr\/en\/product\/unite-refroidissement-air-conditionne-twcx48-dometic\/","og_locale":"en_GB","og_type":"article","og_title":"Unit\u00e9 de refroidissement d\u2019air conditionn\u00e9\u00a0TWCX48 - Dometic - Cool Marine","og_description":"Le refroidisseur \u00e0 cycle invers\u00e9 Dometic TWCX est une solution hautement performante, offrant \u00e0 la fois chauffage et refroidissement.","og_url":"http:\/\/coolmarine.fr\/en\/product\/unite-refroidissement-air-conditionne-twcx48-dometic\/","og_site_name":"Cool Marine","article_modified_time":"2024-09-30T09:02:28+00:00","og_image":[{"width":468,"height":468,"url":"http:\/\/coolmarine.fr\/wp-content\/uploads\/2024\/04\/Capture-decran-2024-04-21-a-12.27.45.png","type":"image\/png"}],"twitter_card":"summary_large_image","twitter_misc":{"Estimated reading time":"1 minute"},"schema":{"@context":"https:\/\/schema.org","@graph":[{"@type":"WebPage","@id":"http:\/\/coolmarine.fr\/en\/product\/unite-refroidissement-air-conditionne-twcx48-dometic\/","url":"http:\/\/coolmarine.fr\/en\/product\/unite-refroidissement-air-conditionne-twcx48-dometic\/","name":"Unit\u00e9 de refroidissement d\u2019air conditionn\u00e9\u00a0TWCX48 - Dometic - Cool Marine","isPartOf":{"@id":"https:\/\/coolmarine.fr\/#website"},"primaryImageOfPage":{"@id":"http:\/\/coolmarine.fr\/en\/product\/unite-refroidissement-air-conditionne-twcx48-dometic\/#primaryimage"},"image":{"@id":"http:\/\/coolmarine.fr\/en\/product\/unite-refroidissement-air-conditionne-twcx48-dometic\/#primaryimage"},"thumbnailUrl":"https:\/\/coolmarine.fr\/wp-content\/uploads\/2024\/04\/Capture-decran-2024-04-21-a-12.27.45.png","datePublished":"2024-05-15T09:21:34+00:00","dateModified":"2024-09-30T09:02:28+00:00","description":"Le refroidisseur \u00e0 cycle invers\u00e9 Dometic TWCX est une solution hautement performante, offrant \u00e0 la fois chauffage et refroidissement.","breadcrumb":{"@id":"http:\/\/coolmarine.fr\/en\/product\/unite-refroidissement-air-conditionne-twcx48-dometic\/#breadcrumb"},"inLanguage":"en-GB","potentialAction":[{"@type":"ReadAction","target":["http:\/\/coolmarine.fr\/en\/product\/unite-refroidissement-air-conditionne-twcx48-dometic\/"]}]},{"@type":"ImageObject","inLanguage":"en-GB","@id":"http:\/\/coolmarine.fr\/en\/product\/unite-refroidissement-air-conditionne-twcx48-dometic\/#primaryimage","url":"https:\/\/coolmarine.fr\/wp-content\/uploads\/2024\/04\/Capture-decran-2024-04-21-a-12.27.45.png","contentUrl":"https:\/\/coolmarine.fr\/wp-content\/uploads\/2024\/04\/Capture-decran-2024-04-21-a-12.27.45.png","width":468,"height":468},{"@type":"BreadcrumbList","@id":"http:\/\/coolmarine.fr\/en\/product\/unite-refroidissement-air-conditionne-twcx48-dometic\/#breadcrumb","itemListElement":[{"@type":"ListItem","position":1,"name":"Accueil","item":"https:\/\/coolmarine.fr\/"},{"@type":"ListItem","position":2,"name":"Nos produits","item":"https:\/\/coolmarine.fr\/en\/nos-produits\/"},{"@type":"ListItem","position":3,"name":"Unit\u00e9 de refroidissement d\u2019air conditionn\u00e9\u00a0TWCX48 &#8211; Dometic"}]},{"@type":"WebSite","@id":"https:\/\/coolmarine.fr\/#website","url":"https:\/\/coolmarine.fr\/","name":"Cool Marine","description":"Air System Cooling","publisher":{"@id":"https:\/\/coolmarine.fr\/#organization"},"potentialAction":[{"@type":"SearchAction","target":{"@type":"EntryPoint","urlTemplate":"https:\/\/coolmarine.fr\/?s={search_term_string}"},"query-input":{"@type":"PropertyValueSpecification","valueRequired":true,"valueName":"search_term_string"}}],"inLanguage":"en-GB"},{"@type":"Organization","@id":"https:\/\/coolmarine.fr\/#organization","name":"Cool Marine","url":"https:\/\/coolmarine.fr\/","logo":{"@type":"ImageObject","inLanguage":"en-GB","@id":"https:\/\/coolmarine.fr\/#\/schema\/logo\/image\/","url":"https:\/\/coolmarine.fr\/wp-content\/uploads\/2024\/04\/Logo_Coolmarine_2-removebg-preview.png","contentUrl":"https:\/\/coolmarine.fr\/wp-content\/uploads\/2024\/04\/Logo_Coolmarine_2-removebg-preview.png","width":820,"height":274,"caption":"Cool Marine"},"image":{"@id":"https:\/\/coolmarine.fr\/#\/schema\/logo\/image\/"}}]}},"_links":{"self":[{"href":"https:\/\/coolmarine.fr\/en\/wp-json\/wp\/v2\/product\/376","targetHints":{"allow":["GET"]}}],"collection":[{"href":"https:\/\/coolmarine.fr\/en\/wp-json\/wp\/v2\/product"}],"about":[{"href":"https:\/\/coolmarine.fr\/en\/wp-json\/wp\/v2\/types\/product"}],"wp:featuredmedia":[{"embeddable":true,"href":"https:\/\/coolmarine.fr\/en\/wp-json\/wp\/v2\/media\/186"}],"wp:attachment":[{"href":"https:\/\/coolmarine.fr\/en\/wp-json\/wp\/v2\/media?parent=376"}],"wp:term":[{"taxonomy":"product_brand","embeddable":true,"href":"https:\/\/coolmarine.fr\/en\/wp-json\/wp\/v2\/product_brand?post=376"},{"taxonomy":"product_cat","embeddable":true,"href":"https:\/\/coolmarine.fr\/en\/wp-json\/wp\/v2\/product_cat?post=376"},{"taxonomy":"product_tag","embeddable":true,"href":"https:\/\/coolmarine.fr\/en\/wp-json\/wp\/v2\/product_tag?post=376"}],"curies":[{"name":"wp","href":"https:\/\/api.w.org\/{rel}","templated":true}]}}